{"id":10823,"date":"2023-05-26T13:32:59","date_gmt":"2023-05-26T13:32:59","guid":{"rendered":"https:\/\/staging.lunor.com\/boutique\/"},"modified":"2024-03-21T12:48:24","modified_gmt":"2024-03-21T12:48:24","slug":"collection","status":"publish","type":"page","link":"https:\/\/lunor.com\/fr\/collection\/","title":{"rendered":"Collection"},"content":{"rendered":"<div class=\"fusion-fullwidth fullwidth-box fusion-builder-row-1 fusion-flex-container has-pattern-background has-mask-background hundred-percent-fullwidth non-hundred-percent-height-scrolling\" style=\"--awb-border-radius-top-left:0px;--awb-border-radius-top-right:0px;--awb-border-radius-bottom-right:0px;--awb-border-radius-bottom-left:0px;--awb-padding-right:5%;--awb-padding-left:5%;--awb-margin-top:5%;--awb-margin-bottom:5%;--awb-flex-wrap:wrap;\" ><div class=\"fusion-builder-row fusion-row fusion-flex-align-items-flex-start fusion-flex-content-wrap\" style=\"width:calc( 100% + 10px ) !important;max-width:calc( 100% + 10px ) !important;margin-left: calc(-10px \/ 2 );margin-right: calc(-10px \/ 2 );\"><div class=\"fusion-layout-column fusion_builder_column fusion-builder-column-0 fusion_builder_column_1_1 1_1 fusion-flex-column\" style=\"--awb-bg-size:cover;--awb-width-large:100%;--awb-margin-top-large:0px;--awb-spacing-right-large:5px;--awb-margin-bottom-large:10px;--awb-spacing-left-large:5px;--awb-width-medium:100%;--awb-order-medium:0;--awb-spacing-right-medium:5px;--awb-spacing-left-medium:5px;--awb-width-small:100%;--awb-order-small:0;--awb-spacing-right-small:5px;--awb-spacing-left-small:5px;\"><div class=\"fusion-column-wrapper fusion-column-has-shadow fusion-flex-justify-content-flex-start fusion-content-layout-column\"><div class=\"awb-gallery-wrapper awb-gallery-wrapper-1 button-span-no\" style=\"--more-btn-alignment:center;\"><div style=\"margin:-5px;--awb-bordersize:0px;--awb-caption-title-size:52px;--awb-caption-title-transform:var(--awb-typography1-text-transform);--awb-caption-title-line-height:var(--awb-typography1-line-height);--awb-caption-title-letter-spacing:var(--awb-typography1-letter-spacing);--awb-caption-overlay-color:#d3d1d1;--awb-caption-margin-top:50px;--awb-caption-margin-right:50px;--awb-caption-margin-bottom:50px;--awb-caption-margin-left:50px;--awb-caption-title-font-family:var(--awb-typography1-font-family);--awb-caption-title-font-weight:var(--awb-typography1-font-weight);--awb-caption-title-font-style:var(--awb-typography1-font-style);\" class=\"fusion-gallery fusion-gallery-container fusion-grid-2 fusion-columns-total-4 fusion-gallery-layout-grid fusion-gallery-1\"><div style=\"padding:5px;\" class=\"fusion-grid-column fusion-gallery-column fusion-gallery-column-2\"><div class=\"fusion-gallery-image awb-imageframe-style awb-imageframe-style-navin\"><a href=\"https:\/\/lunor.com\/fr\/produit-categorie\/lacetate\/\" rel=\"noreferrer\" data-rel=\"iLightbox[gallery_image_1]\" class=\"fusion-lightbox\" target=\"_self\"><img decoding=\"async\" src=\"https:\/\/lunor.com\/wp-content\/uploads\/Kategorie-Acetat.jpg\" width=\"1096\" height=\"765\" alt=\"\" title=\"Kategorie-Acetat\" aria-label=\"Kategorie-Acetat\" class=\"img-responsive wp-image-16476\" srcset=\"https:\/\/lunor.com\/wp-content\/uploads\/Kategorie-Acetat-200x140.jpg 200w, https:\/\/lunor.com\/wp-content\/uploads\/Kategorie-Acetat-400x279.jpg 400w, https:\/\/lunor.com\/wp-content\/uploads\/Kategorie-Acetat-600x419.jpg 600w, https:\/\/lunor.com\/wp-content\/uploads\/Kategorie-Acetat-800x558.jpg 800w, https:\/\/lunor.com\/wp-content\/uploads\/Kategorie-Acetat.jpg 1096w\" sizes=\"(min-width: 2200px) 100vw, (min-width: 712px) 598px, (min-width: 640px) 712px, \" \/><div class=\"awb-imageframe-caption-container\"><div class=\"awb-imageframe-caption\"><h2 class=\"awb-imageframe-caption-title\">ACETAT<\/h2><\/div><\/div><\/a><\/div><\/div><div style=\"padding:5px;\" class=\"fusion-grid-column fusion-gallery-column fusion-gallery-column-2\"><div class=\"fusion-gallery-image awb-imageframe-style awb-imageframe-style-navin\"><a href=\"https:\/\/lunor.com\/fr\/produit-categorie\/lacier-inoxydable\/\" rel=\"noreferrer\" data-rel=\"iLightbox[gallery_image_1]\" class=\"fusion-lightbox\" target=\"_self\"><img decoding=\"async\" src=\"https:\/\/lunor.com\/wp-content\/uploads\/Kategorie-Eedelstahljpg.jpg\" width=\"1096\" height=\"765\" alt=\"\" title=\"Kategorie-Eedelstahljpg\" aria-label=\"Kategorie-Eedelstahljpg\" class=\"img-responsive wp-image-16482\" srcset=\"https:\/\/lunor.com\/wp-content\/uploads\/Kategorie-Eedelstahljpg-200x140.jpg 200w, https:\/\/lunor.com\/wp-content\/uploads\/Kategorie-Eedelstahljpg-400x279.jpg 400w, https:\/\/lunor.com\/wp-content\/uploads\/Kategorie-Eedelstahljpg-600x419.jpg 600w, https:\/\/lunor.com\/wp-content\/uploads\/Kategorie-Eedelstahljpg-800x558.jpg 800w, https:\/\/lunor.com\/wp-content\/uploads\/Kategorie-Eedelstahljpg.jpg 1096w\" sizes=\"(min-width: 2200px) 100vw, (min-width: 712px) 598px, (min-width: 640px) 712px, \" \/><div class=\"awb-imageframe-caption-container\"><div class=\"awb-imageframe-caption\"><h2 class=\"awb-imageframe-caption-title\">ACIER INOXYDABLE<\/h2><\/div><\/div><\/a><\/div><\/div><div class=\"clearfix\"><\/div><div style=\"padding:5px;\" class=\"fusion-grid-column fusion-gallery-column fusion-gallery-column-2\"><div class=\"fusion-gallery-image awb-imageframe-style awb-imageframe-style-navin\"><a href=\"https:\/\/lunor.com\/fr\/produit-categorie\/le-titane\/\" rel=\"noreferrer\" data-rel=\"iLightbox[gallery_image_1]\" class=\"fusion-lightbox\" target=\"_self\"><img decoding=\"async\" src=\"https:\/\/lunor.com\/wp-content\/uploads\/Kategorie-Titan.jpg\" width=\"1096\" height=\"765\" alt=\"\" title=\"Kategorie-Titan\" aria-label=\"Kategorie-Titan\" class=\"img-responsive wp-image-16473\" srcset=\"https:\/\/lunor.com\/wp-content\/uploads\/Kategorie-Titan-200x140.jpg 200w, https:\/\/lunor.com\/wp-content\/uploads\/Kategorie-Titan-400x279.jpg 400w, https:\/\/lunor.com\/wp-content\/uploads\/Kategorie-Titan-600x419.jpg 600w, https:\/\/lunor.com\/wp-content\/uploads\/Kategorie-Titan-800x558.jpg 800w, https:\/\/lunor.com\/wp-content\/uploads\/Kategorie-Titan.jpg 1096w\" sizes=\"(min-width: 2200px) 100vw, (min-width: 712px) 598px, (min-width: 640px) 712px, \" \/><div class=\"awb-imageframe-caption-container\"><div class=\"awb-imageframe-caption\"><h2 class=\"awb-imageframe-caption-title\">TITAN<\/h2><\/div><\/div><\/a><\/div><\/div><div style=\"padding:5px;\" class=\"fusion-grid-column fusion-gallery-column fusion-gallery-column-2\"><div class=\"fusion-gallery-image awb-imageframe-style awb-imageframe-style-navin\"><a href=\"https:\/\/lunor.com\/fr\/produit-categorie\/clip-on-fr\/\" rel=\"noreferrer\" data-rel=\"iLightbox[gallery_image_1]\" class=\"fusion-lightbox\" target=\"_self\"><img decoding=\"async\" src=\"https:\/\/lunor.com\/wp-content\/uploads\/Kategorie-Clip-On.jpg\" width=\"1096\" height=\"765\" alt=\"\" title=\"Kategorie-Clip-On\" aria-label=\"Kategorie-Clip-On\" class=\"img-responsive wp-image-16479\" srcset=\"https:\/\/lunor.com\/wp-content\/uploads\/Kategorie-Clip-On-200x140.jpg 200w, https:\/\/lunor.com\/wp-content\/uploads\/Kategorie-Clip-On-400x279.jpg 400w, https:\/\/lunor.com\/wp-content\/uploads\/Kategorie-Clip-On-600x419.jpg 600w, https:\/\/lunor.com\/wp-content\/uploads\/Kategorie-Clip-On-800x558.jpg 800w, https:\/\/lunor.com\/wp-content\/uploads\/Kategorie-Clip-On.jpg 1096w\" sizes=\"(min-width: 2200px) 100vw, (min-width: 712px) 598px, (min-width: 640px) 712px, \" \/><div class=\"awb-imageframe-caption-container\"><div class=\"awb-imageframe-caption\"><h2 class=\"awb-imageframe-caption-title\">CLIP-ON<\/h2><\/div><\/div><\/a><\/div><\/div><div class=\"clearfix\"><\/div><\/div><\/div><\/div><\/div><\/div><\/div>\n","protected":false},"excerpt":{"rendered":"","protected":false},"author":1,"featured_media":0,"parent":0,"menu_order":0,"comment_status":"closed","ping_status":"closed","template":"100-width.php","meta":{"_acf_changed":false,"footnotes":""},"class_list":["post-10823","page","type-page","status-publish","hentry"],"acf":[],"yoast_head":"<!-- This site is optimized with the Yoast SEO Premium plugin v27.4 (Yoast SEO v27.5) - https:\/\/yoast.com\/product\/yoast-seo-premium-wordpress\/ -->\n<title>Lunor - Collection - Lunor Handcrafted eyewear made in Germany<\/title>\n<meta name=\"description\" content=\"La collection Lunor - Nos lunettes sont des pi\u00e8ces uniques fabriqu\u00e9es de mani\u00e8re artisanale, des lunettes de caract\u00e8re pour des personnes de caract\u00e8re.\" \/>\n<meta name=\"robots\" content=\"index, follow, max-snippet:-1, max-image-preview:large, max-video-preview:-1\" \/>\n<link rel=\"canonical\" href=\"https:\/\/lunor.com\/fr\/collection\/\" \/>\n<meta property=\"og:locale\" content=\"fr_FR\" \/>\n<meta property=\"og:type\" content=\"article\" \/>\n<meta property=\"og:title\" content=\"Collection\" \/>\n<meta property=\"og:description\" content=\"La collection Lunor - Nos lunettes sont des pi\u00e8ces uniques fabriqu\u00e9es de mani\u00e8re artisanale, des lunettes de caract\u00e8re pour des personnes de caract\u00e8re.\" \/>\n<meta property=\"og:url\" content=\"https:\/\/lunor.com\/fr\/collection\/\" \/>\n<meta property=\"og:site_name\" content=\"Lunor Handcrafted eyewear made in Germany\" \/>\n<meta property=\"article:publisher\" content=\"https:\/\/www.facebook.com\/LunorAG\" \/>\n<meta property=\"article:modified_time\" content=\"2024-03-21T12:48:24+00:00\" \/>\n<meta name=\"twitter:card\" content=\"summary_large_image\" \/>\n<meta name=\"twitter:label1\" content=\"Dur\u00e9e de lecture estim\u00e9e\" \/>\n\t<meta name=\"twitter:data1\" content=\"6 minutes\" \/>\n<script type=\"application\/ld+json\" class=\"yoast-schema-graph\">{\"@context\":\"https:\\\/\\\/schema.org\",\"@graph\":[{\"@type\":\"WebPage\",\"@id\":\"https:\\\/\\\/lunor.com\\\/fr\\\/collection\\\/\",\"url\":\"https:\\\/\\\/lunor.com\\\/fr\\\/collection\\\/\",\"name\":\"Lunor - Collection - Lunor Handcrafted eyewear made in Germany\",\"isPartOf\":{\"@id\":\"https:\\\/\\\/lunor.com\\\/fr\\\/#website\"},\"datePublished\":\"2023-05-26T13:32:59+00:00\",\"dateModified\":\"2024-03-21T12:48:24+00:00\",\"description\":\"La collection Lunor - Nos lunettes sont des pi\u00e8ces uniques fabriqu\u00e9es de mani\u00e8re artisanale, des lunettes de caract\u00e8re pour des personnes de caract\u00e8re.\",\"inLanguage\":\"fr-FR\",\"potentialAction\":[{\"@type\":\"ReadAction\",\"target\":[\"https:\\\/\\\/lunor.com\\\/fr\\\/collection\\\/\"]}]},{\"@type\":\"WebSite\",\"@id\":\"https:\\\/\\\/lunor.com\\\/fr\\\/#website\",\"url\":\"https:\\\/\\\/lunor.com\\\/fr\\\/\",\"name\":\"lunor.com - Welcome to the Luniverse\",\"description\":\"\",\"publisher\":{\"@id\":\"https:\\\/\\\/lunor.com\\\/fr\\\/#organization\"},\"alternateName\":\"lunor.com\",\"potentialAction\":[{\"@type\":\"SearchAction\",\"target\":{\"@type\":\"EntryPoint\",\"urlTemplate\":\"https:\\\/\\\/lunor.com\\\/fr\\\/?s={search_term_string}\"},\"query-input\":{\"@type\":\"PropertyValueSpecification\",\"valueRequired\":true,\"valueName\":\"search_term_string\"}}],\"inLanguage\":\"fr-FR\"},{\"@type\":\"Organization\",\"@id\":\"https:\\\/\\\/lunor.com\\\/fr\\\/#organization\",\"name\":\"Lunor AG\",\"alternateName\":\"Lunor\",\"url\":\"https:\\\/\\\/lunor.com\\\/fr\\\/\",\"logo\":{\"@type\":\"ImageObject\",\"inLanguage\":\"fr-FR\",\"@id\":\"https:\\\/\\\/lunor.com\\\/fr\\\/#\\\/schema\\\/logo\\\/image\\\/\",\"url\":\"https:\\\/\\\/lunor.com\\\/wp-content\\\/uploads\\\/2023\\\/05\\\/Lunor-Logo-2x-1.png\",\"contentUrl\":\"https:\\\/\\\/lunor.com\\\/wp-content\\\/uploads\\\/2023\\\/05\\\/Lunor-Logo-2x-1.png\",\"width\":204,\"height\":68,\"caption\":\"Lunor AG\"},\"image\":{\"@id\":\"https:\\\/\\\/lunor.com\\\/fr\\\/#\\\/schema\\\/logo\\\/image\\\/\"},\"sameAs\":[\"https:\\\/\\\/www.facebook.com\\\/LunorAG\",\"https:\\\/\\\/www.instagram.com\\\/lunorag\\\/\"],\"vatID\":\"DE814480280\"}]}<\/script>\n<!-- \/ Yoast SEO Premium plugin. -->","yoast_head_json":{"title":"Lunor - Collection - Lunor Handcrafted eyewear made in Germany","description":"La collection Lunor - Nos lunettes sont des pi\u00e8ces uniques fabriqu\u00e9es de mani\u00e8re artisanale, des lunettes de caract\u00e8re pour des personnes de caract\u00e8re.","robots":{"index":"index","follow":"follow","max-snippet":"max-snippet:-1","max-image-preview":"max-image-preview:large","max-video-preview":"max-video-preview:-1"},"canonical":"https:\/\/lunor.com\/fr\/collection\/","og_locale":"fr_FR","og_type":"article","og_title":"Collection","og_description":"La collection Lunor - Nos lunettes sont des pi\u00e8ces uniques fabriqu\u00e9es de mani\u00e8re artisanale, des lunettes de caract\u00e8re pour des personnes de caract\u00e8re.","og_url":"https:\/\/lunor.com\/fr\/collection\/","og_site_name":"Lunor Handcrafted eyewear made in Germany","article_publisher":"https:\/\/www.facebook.com\/LunorAG","article_modified_time":"2024-03-21T12:48:24+00:00","twitter_card":"summary_large_image","twitter_misc":{"Dur\u00e9e de lecture estim\u00e9e":"6 minutes"},"schema":{"@context":"https:\/\/schema.org","@graph":[{"@type":"WebPage","@id":"https:\/\/lunor.com\/fr\/collection\/","url":"https:\/\/lunor.com\/fr\/collection\/","name":"Lunor - Collection - Lunor Handcrafted eyewear made in Germany","isPartOf":{"@id":"https:\/\/lunor.com\/fr\/#website"},"datePublished":"2023-05-26T13:32:59+00:00","dateModified":"2024-03-21T12:48:24+00:00","description":"La collection Lunor - Nos lunettes sont des pi\u00e8ces uniques fabriqu\u00e9es de mani\u00e8re artisanale, des lunettes de caract\u00e8re pour des personnes de caract\u00e8re.","inLanguage":"fr-FR","potentialAction":[{"@type":"ReadAction","target":["https:\/\/lunor.com\/fr\/collection\/"]}]},{"@type":"WebSite","@id":"https:\/\/lunor.com\/fr\/#website","url":"https:\/\/lunor.com\/fr\/","name":"lunor.com - Welcome to the Luniverse","description":"","publisher":{"@id":"https:\/\/lunor.com\/fr\/#organization"},"alternateName":"lunor.com","potentialAction":[{"@type":"SearchAction","target":{"@type":"EntryPoint","urlTemplate":"https:\/\/lunor.com\/fr\/?s={search_term_string}"},"query-input":{"@type":"PropertyValueSpecification","valueRequired":true,"valueName":"search_term_string"}}],"inLanguage":"fr-FR"},{"@type":"Organization","@id":"https:\/\/lunor.com\/fr\/#organization","name":"Lunor AG","alternateName":"Lunor","url":"https:\/\/lunor.com\/fr\/","logo":{"@type":"ImageObject","inLanguage":"fr-FR","@id":"https:\/\/lunor.com\/fr\/#\/schema\/logo\/image\/","url":"https:\/\/lunor.com\/wp-content\/uploads\/2023\/05\/Lunor-Logo-2x-1.png","contentUrl":"https:\/\/lunor.com\/wp-content\/uploads\/2023\/05\/Lunor-Logo-2x-1.png","width":204,"height":68,"caption":"Lunor AG"},"image":{"@id":"https:\/\/lunor.com\/fr\/#\/schema\/logo\/image\/"},"sameAs":["https:\/\/www.facebook.com\/LunorAG","https:\/\/www.instagram.com\/lunorag\/"],"vatID":"DE814480280"}]}},"_links":{"self":[{"href":"https:\/\/lunor.com\/fr\/wp-json\/wp\/v2\/pages\/10823","targetHints":{"allow":["GET"]}}],"collection":[{"href":"https:\/\/lunor.com\/fr\/wp-json\/wp\/v2\/pages"}],"about":[{"href":"https:\/\/lunor.com\/fr\/wp-json\/wp\/v2\/types\/page"}],"author":[{"embeddable":true,"href":"https:\/\/lunor.com\/fr\/wp-json\/wp\/v2\/users\/1"}],"replies":[{"embeddable":true,"href":"https:\/\/lunor.com\/fr\/wp-json\/wp\/v2\/comments?post=10823"}],"version-history":[{"count":0,"href":"https:\/\/lunor.com\/fr\/wp-json\/wp\/v2\/pages\/10823\/revisions"}],"wp:attachment":[{"href":"https:\/\/lunor.com\/fr\/wp-json\/wp\/v2\/media?parent=10823"}],"curies":[{"name":"wp","href":"https:\/\/api.w.org\/{rel}","templated":true}]}}