{"id":13736,"date":"2023-08-07T13:23:17","date_gmt":"2023-08-07T11:23:17","guid":{"rendered":"https:\/\/staging.lunor.com\/emplois\/"},"modified":"2025-07-28T14:32:37","modified_gmt":"2025-07-28T14:32:37","slug":"emplois","status":"publish","type":"page","link":"https:\/\/lunor.com\/fr\/emplois\/","title":{"rendered":"Emplois"},"content":{"rendered":"<p><div class=\"fusion-fullwidth fullwidth-box fusion-builder-row-1 fusion-flex-container has-pattern-background has-mask-background fusion-parallax-none nonhundred-percent-fullwidth non-hundred-percent-height-scrolling\" style=\"--awb-background-position:center bottom;--awb-border-radius-top-left:0px;--awb-border-radius-top-right:0px;--awb-border-radius-bottom-right:0px;--awb-border-radius-bottom-left:0px;--awb-margin-bottom:0%;--awb-background-image:url(&quot;https:\/\/lunor.com\/wp-content\/uploads\/Lunor-AG-outside.jpg&quot;);--awb-background-size:cover;--awb-flex-wrap:wrap;\" ><div class=\"fusion-builder-row fusion-row fusion-flex-align-items-flex-end fusion-flex-content-wrap\" style=\"max-width:calc( 1200px + 10px );margin-left: calc(-10px \/ 2 );margin-right: calc(-10px \/ 2 );\"><div class=\"fusion-layout-column fusion_builder_column fusion-builder-column-0 awb-sticky awb-sticky-small awb-sticky-medium awb-sticky-large fusion_builder_column_1_1 1_1 fusion-flex-column fusion-flex-align-self-flex-end\" style=\"--awb-padding-top:5%;--awb-padding-right:0%;--awb-padding-left:0%;--awb-bg-size:cover;--awb-width-large:100%;--awb-margin-top-large:0px;--awb-spacing-right-large:calc( 0.05 * calc( 100% - 10px ) );--awb-margin-bottom-large:10px;--awb-spacing-left-large:calc( 0 * calc( 100% - 10px ) );--awb-width-medium:100%;--awb-order-medium:0;--awb-spacing-right-medium:calc( 0.05 * calc( 100% - 10px ) );--awb-spacing-left-medium:calc( 0 * calc( 100% - 10px ) );--awb-width-small:100%;--awb-order-small:0;--awb-spacing-right-small:5px;--awb-spacing-left-small:5px;--awb-sticky-offset:60px;\"><div class=\"fusion-column-wrapper fusion-column-has-shadow fusion-flex-justify-content-flex-end fusion-content-layout-column\"><\/div><\/div><div class=\"fusion-layout-column fusion_builder_column fusion-builder-column-1 awb-sticky awb-sticky-small awb-sticky-medium awb-sticky-large fusion_builder_column_1_1 1_1 fusion-flex-column fusion-flex-align-self-flex-end\" style=\"--awb-bg-size:cover;--awb-width-large:100%;--awb-margin-top-large:0px;--awb-spacing-right-large:5px;--awb-margin-bottom-large:0%;--awb-spacing-left-large:5px;--awb-width-medium:100%;--awb-order-medium:0;--awb-spacing-right-medium:5px;--awb-spacing-left-medium:5px;--awb-width-small:100%;--awb-order-small:0;--awb-spacing-right-small:5px;--awb-spacing-left-small:5px;--awb-sticky-offset:100px;\" data-scroll-devices=\"small-visibility,medium-visibility,large-visibility\"><div class=\"fusion-column-wrapper fusion-column-has-shadow fusion-flex-justify-content-flex-end fusion-content-layout-column\"><div class=\"fusion-separator fusion-full-width-sep\" style=\"align-self: center;margin-left: auto;margin-right: auto;margin-top:55%;width:100%;\"><\/div><\/div><\/div><\/div><\/div><div class=\"fusion-fullwidth fullwidth-box fusion-builder-row-2 fusion-flex-container has-pattern-background has-mask-background nonhundred-percent-fullwidth non-hundred-percent-height-scrolling\" style=\"--awb-border-radius-top-left:0px;--awb-border-radius-top-right:0px;--awb-border-radius-bottom-right:0px;--awb-border-radius-bottom-left:0px;--awb-padding-right:5%;--awb-padding-left:5%;--awb-margin-top:0%;--awb-margin-bottom:5%;--awb-background-color:var(--awb-custom_color_1);--awb-flex-wrap:wrap;\" ><div class=\"fusion-builder-row fusion-row fusion-flex-align-items-flex-start fusion-flex-content-wrap\" style=\"max-width:calc( 1200px + 10px );margin-left: calc(-10px \/ 2 );margin-right: calc(-10px \/ 2 );\"><div class=\"fusion-layout-column fusion_builder_column fusion-builder-column-2 fusion_builder_column_1_1 1_1 fusion-flex-column\" style=\"--awb-padding-top:50px;--awb-bg-size:cover;--awb-width-large:100%;--awb-margin-top-large:0px;--awb-spacing-right-large:5px;--awb-margin-bottom-large:10px;--awb-spacing-left-large:5px;--awb-width-medium:100%;--awb-order-medium:0;--awb-spacing-right-medium:5px;--awb-spacing-left-medium:5px;--awb-width-small:100%;--awb-order-small:0;--awb-spacing-right-small:5px;--awb-spacing-left-small:5px;\" data-scroll-devices=\"small-visibility,medium-visibility,large-visibility\"><div class=\"fusion-column-wrapper fusion-column-has-shadow fusion-flex-justify-content-flex-start fusion-content-layout-column\"><div class=\"fusion-title title fusion-title-1 fusion-sep-none fusion-title-text fusion-title-size-one\" style=\"--awb-margin-top-small:10px;--awb-margin-right-small:0px;--awb-margin-bottom-small:10px;--awb-margin-left-small:0px;--awb-font-size:30px;\"><h1 class=\"fusion-title-heading title-heading-left fusion-responsive-typography-calculated\" style=\"font-family:var(--awb-typography2-font-family);font-weight:var(--awb-typography2-font-weight);font-style:var(--awb-typography2-font-style);margin:0;letter-spacing:var(--awb-typography2-letter-spacing);text-transform:uppercase;font-size:1em;--fontSize:30;--minFontSize:30;line-height:var(--awb-typography2-line-height);\">Notre vision, votre avenir : \u00e9crivez l&rsquo;histoire des lunettes avec nous !<\/h1><\/div><div class=\"fusion-text fusion-text-1\" style=\"--awb-font-size:var(--awb-typography4-font-size);--awb-line-height:var(--awb-typography4-line-height);--awb-letter-spacing:var(--awb-typography4-letter-spacing);--awb-text-transform:var(--awb-typography4-text-transform);--awb-margin-top:5%;--awb-text-font-family:var(--awb-typography4-font-family);--awb-text-font-weight:var(--awb-typography4-font-weight);--awb-text-font-style:var(--awb-typography4-font-style);\"><p>Chez Lunor, nous associons l&rsquo;artisanat traditionnel \u00e0 la conception moderne et au sens de l&rsquo;essentiel. En tant qu&rsquo;\u00e9quipe, nous continuons chaque jour \u00e0 \u00e9crire l&rsquo;histoire &#8211; avec l&rsquo;amour du d\u00e9tail, les exigences de qualit\u00e9 les plus \u00e9lev\u00e9es et un objectif commun : cr\u00e9er des lunettes qui sont plus que des aides visuelles &#8211; de v\u00e9ritables pi\u00e8ces de caract\u00e8re. Ce qui compte pour nous, c&rsquo;est la personnalit\u00e9, la fiabilit\u00e9 et une v\u00e9ritable collaboration. Nous croyons qu&rsquo;un environnement valorisant est la base d&rsquo;un succ\u00e8s \u00e0 long terme &#8211; et que chaque personne, avec son caract\u00e8re unique, enrichit notre \u00e9quipe. L&rsquo;authenticit\u00e9, la confiance et la responsabilit\u00e9 individuelle caract\u00e9risent notre collaboration. Ensemble, nous cr\u00e9ons de l&rsquo;espace pour le d\u00e9veloppement, de nouvelles id\u00e9es et un v\u00e9ritable esprit d&rsquo;\u00e9quipe &#8211; parce que nous sommes convaincus : Seuls ceux qui se sentent bien peuvent donner le meilleur d&rsquo;eux-m\u00eames. Vous ne voulez pas seulement collaborer, mais aussi participer \u00e0 la cr\u00e9ation ? Alors, rejoignez notre vision et construisez votre avenir avec nous.<\/p>\n<\/div><\/div><\/div><\/div><\/div><div class=\"fusion-fullwidth fullwidth-box fusion-builder-row-3 fusion-flex-container has-pattern-background has-mask-background nonhundred-percent-fullwidth non-hundred-percent-height-scrolling\" style=\"--awb-border-radius-top-left:0px;--awb-border-radius-top-right:0px;--awb-border-radius-bottom-right:0px;--awb-border-radius-bottom-left:0px;--awb-padding-right:5%;--awb-padding-left:5%;--awb-margin-top:5%;--awb-flex-wrap:wrap;\" id=\"Personio-Jobs\" ><div class=\"fusion-builder-row fusion-row fusion-flex-align-items-flex-start fusion-flex-content-wrap\" style=\"max-width:calc( 1200px + 10px );margin-left: calc(-10px \/ 2 );margin-right: calc(-10px \/ 2 );\"><div class=\"fusion-layout-column fusion_builder_column fusion-builder-column-3 fusion_builder_column_1_1 1_1 fusion-flex-column\" style=\"--awb-bg-size:cover;--awb-width-large:100%;--awb-margin-top-large:5%;--awb-spacing-right-large:5px;--awb-margin-bottom-large:5%;--awb-spacing-left-large:5px;--awb-width-medium:100%;--awb-order-medium:0;--awb-spacing-right-medium:5px;--awb-spacing-left-medium:5px;--awb-width-small:100%;--awb-order-small:0;--awb-spacing-right-small:5px;--awb-spacing-left-small:5px;\" id=\"Personio-Jobs\" data-scroll-devices=\"small-visibility,medium-visibility,large-visibility\"><div class=\"fusion-column-wrapper fusion-column-has-shadow fusion-flex-justify-content-flex-start fusion-content-layout-column\"><div class=\"fusion-title title fusion-title-2 fusion-sep-none fusion-title-text fusion-title-size-three\" style=\"--awb-margin-top-small:10px;--awb-margin-right-small:0px;--awb-margin-bottom-small:10px;--awb-margin-left-small:0px;--awb-font-size:30px;\"><h3 class=\"fusion-title-heading title-heading-left fusion-responsive-typography-calculated\" style=\"font-family:var(--awb-typography2-font-family);font-weight:var(--awb-typography2-font-weight);font-style:var(--awb-typography2-font-style);margin:0;letter-spacing:var(--awb-typography2-letter-spacing);text-transform:uppercase;font-size:1em;--fontSize:30;--minFontSize:30;line-height:var(--awb-typography2-line-height);\">Vous \u00eates convaincu ? Voici nos postes vacants. Postulez d\u00e8s maintenant !<\/h3><\/div><\/div><\/div><div class=\"fusion-layout-column fusion_builder_column fusion-builder-column-4 fusion_builder_column_1_1 1_1 fusion-flex-column\" style=\"--awb-bg-size:cover;--awb-border-color:var(--awb-color2);--awb-border-top:1px;--awb-border-right:1px;--awb-border-bottom:1px;--awb-border-left:1px;--awb-border-style:solid;--awb-width-large:100%;--awb-margin-top-large:0px;--awb-spacing-right-large:5px;--awb-margin-bottom-large:10px;--awb-spacing-left-large:5px;--awb-width-medium:100%;--awb-order-medium:0;--awb-spacing-right-medium:5px;--awb-spacing-left-medium:5px;--awb-width-small:100%;--awb-order-small:0;--awb-spacing-right-small:5px;--awb-spacing-left-small:5px;\" data-scroll-devices=\"small-visibility,medium-visibility,large-visibility\"><div class=\"fusion-column-wrapper fusion-column-has-shadow fusion-flex-justify-content-flex-start fusion-content-layout-column\"><div class=\"fusion-text fusion-text-2\"><div id=\"Personio-Jobs\"><div class=\"personio-job\" style=\"padding:2%;background-color:#ffffff;\"><h2 lang=\"fr\" class=\"fusion-title-heading\" style=\"font-family:var(--awb-typography2-font-family);font-size:2em;\">Mitarbeiter im Kundenservice (m\/w\/d)<\/h2><p>Type de contrat: Emploi fixe<br>Mod\u00e8le temporel: Temps plein<br>Emplacement: Bad Liebenzell<\/p><p><a href=\"https:\/\/lunor.jobs.personio.de\/job\/2575973\" target=\"_blank\" rel=\"noopener noreferrer\" aria-label=\"D\u00e9tails Mitarbeiter im Kundenservice (m\/w\/d)\">Acc\u00e9der \u00e0 la description du poste<\/a><\/p><\/div><div class=\"personio-job\" style=\"padding:2%;background-color:#f2f2f2;\"><h2 lang=\"fr\" class=\"fusion-title-heading\" style=\"font-family:var(--awb-typography2-font-family);font-size:2em;\">Versandmitarbeiter\/in in Teilzeit (25-28h)<\/h2><p>Type de contrat: Emploi fixe<br>Mod\u00e8le temporel: Temps partiel<br>Emplacement: Bad Liebenzell<\/p><p><a href=\"https:\/\/lunor.jobs.personio.de\/job\/2437891\" target=\"_blank\" rel=\"noopener noreferrer\" aria-label=\"D\u00e9tails Versandmitarbeiter\/in in Teilzeit (25-28h)\">Acc\u00e9der \u00e0 la description du poste<\/a><\/p><\/div><\/div><style>\n        .personio-job {\n            transition: background-color 0.3s ease;\n        }\n        .personio-job:hover {\n            background-color: #f0f0f0 !important;\n        }\n        .personio-job h2 {\n            hyphens: auto;\n            overflow-wrap: break-word;\n            word-break: break-word;\n        }\n    <\/style>\n<\/div><\/div><\/div><\/div><\/div><div class=\"fusion-fullwidth fullwidth-box fusion-builder-row-4 fusion-flex-container has-pattern-background has-mask-background nonhundred-percent-fullwidth non-hundred-percent-height-scrolling\" style=\"--awb-border-radius-top-left:0px;--awb-border-radius-top-right:0px;--awb-border-radius-bottom-right:0px;--awb-border-radius-bottom-left:0px;--awb-padding-top:5%;--awb-padding-left:0px;--awb-margin-top:5%;--awb-margin-bottom:0%;--awb-background-color:var(--awb-color2);--awb-flex-wrap:wrap;\" ><div class=\"fusion-builder-row fusion-row fusion-flex-align-items-flex-start fusion-flex-content-wrap\" style=\"max-width:calc( 1200px + 10px );margin-left: calc(-10px \/ 2 );margin-right: calc(-10px \/ 2 );\"><div class=\"fusion-layout-column fusion_builder_column fusion-builder-column-5 fusion_builder_column_1_2 1_2 fusion-flex-column fusion-flex-align-self-flex-start\" style=\"--awb-padding-top:5%;--awb-padding-right:5%;--awb-padding-bottom:5%;--awb-padding-left:5%;--awb-bg-size:cover;--awb-width-large:50%;--awb-margin-top-large:0px;--awb-spacing-right-large:5px;--awb-margin-bottom-large:10px;--awb-spacing-left-large:5px;--awb-width-medium:50%;--awb-order-medium:0;--awb-spacing-right-medium:5px;--awb-spacing-left-medium:5px;--awb-width-small:100%;--awb-order-small:0;--awb-spacing-right-small:5px;--awb-spacing-left-small:5px;\" data-scroll-devices=\"small-visibility,medium-visibility,large-visibility\"><div class=\"fusion-column-wrapper fusion-column-has-shadow fusion-flex-justify-content-flex-start fusion-content-layout-column\"><div class=\"fusion-title title fusion-title-3 fusion-sep-none fusion-title-text fusion-title-size-two\" style=\"--awb-text-color:var(--awb-color7);--awb-margin-top-small:10px;--awb-margin-right-small:0px;--awb-margin-bottom-small:10px;--awb-margin-left-small:0px;--awb-font-size:30px;\"><h2 class=\"fusion-title-heading title-heading-left fusion-responsive-typography-calculated\" style=\"font-family:var(--awb-typography2-font-family);font-weight:var(--awb-typography2-font-weight);font-style:var(--awb-typography2-font-style);margin:0;letter-spacing:var(--awb-typography2-letter-spacing);text-transform:uppercase;font-size:1em;--fontSize:30;--minFontSize:30;line-height:var(--awb-typography2-line-height);\">Stage et formation<\/h2><\/div><div class=\"fusion-text fusion-text-3\" style=\"--awb-font-size:var(--awb-typography4-font-size);--awb-line-height:var(--awb-typography4-line-height);--awb-letter-spacing:var(--awb-typography4-letter-spacing);--awb-text-transform:var(--awb-typography4-text-transform);--awb-text-font-family:var(--awb-typography4-font-family);--awb-text-font-weight:var(--awb-typography4-font-weight);--awb-text-font-style:var(--awb-typography4-font-style);\"><p class=\"\" data-start=\"188\" data-end=\"642\">Tu es curieux de conna\u00eetre le monde du travail et tu souhaites acqu\u00e9rir une premi\u00e8re exp\u00e9rience pratique ? Chez Lunor, tu peux d\u00e9couvrir les coulisses d&rsquo;un fabricant de lunettes actif au niveau international dans le cadre d&rsquo;un stage scolaire. Ou bien vous entrez directement dans la vie active apr\u00e8s avoir termin\u00e9 votre scolarit\u00e9 : En tant qu&rsquo;entreprise de formation de la Chambre de Commerce et d&rsquo;Industrie, nous vous accompagnons dans votre parcours de*commer\u00e7ant(e) dans le commerce de gros et le commerce ext\u00e9rieur &#8211; avec un suivi personnel, de vraies responsabilit\u00e9s et beaucoup d&rsquo;espace pour apprendre.  <\/p>\n<\/div><div class=\"fusion-title title fusion-title-4 fusion-sep-none fusion-title-text fusion-title-size-paragraph\" style=\"--awb-margin-top-small:10px;--awb-margin-right-small:0px;--awb-margin-bottom-small:10px;--awb-margin-left-small:0px;--awb-font-size:30px;\"><p class=\"fusion-title-heading title-heading-left title-heading-tag fusion-responsive-typography-calculated\" style=\"font-family:var(--awb-typography2-font-family);font-weight:var(--awb-typography2-font-weight);font-style:var(--awb-typography2-font-style);margin:0;letter-spacing:var(--awb-typography2-letter-spacing);text-transform:var(--awb-typography2-text-transform);font-size:1em;--fontSize:30;--minFontSize:30;line-height:var(--awb-typography2-line-height);\"><h1>#WIRBILDENAUS<\/h1><\/p><\/div><\/div><\/div><div class=\"fusion-layout-column fusion_builder_column fusion-builder-column-6 fusion_builder_column_1_2 1_2 fusion-flex-column fusion-flex-align-self-flex-start\" style=\"--awb-padding-top:5%;--awb-padding-right:5%;--awb-padding-bottom:5%;--awb-padding-left:5%;--awb-bg-size:cover;--awb-width-large:50%;--awb-margin-top-large:0px;--awb-spacing-right-large:5px;--awb-margin-bottom-large:10px;--awb-spacing-left-large:5px;--awb-width-medium:50%;--awb-order-medium:0;--awb-spacing-right-medium:5px;--awb-spacing-left-medium:5px;--awb-width-small:100%;--awb-order-small:0;--awb-spacing-right-small:5px;--awb-spacing-left-small:5px;\" data-scroll-devices=\"small-visibility,medium-visibility,large-visibility\"><div class=\"fusion-column-wrapper fusion-column-has-shadow fusion-flex-justify-content-flex-start fusion-content-layout-column\"><div class=\"fusion-title title fusion-title-5 fusion-sep-none fusion-title-text fusion-title-size-two\" style=\"--awb-text-color:var(--awb-color7);--awb-margin-top-small:10px;--awb-margin-right-small:0px;--awb-margin-bottom-small:10px;--awb-margin-left-small:0px;--awb-font-size:30px;\"><h2 class=\"fusion-title-heading title-heading-left fusion-responsive-typography-calculated\" style=\"font-family:var(--awb-typography2-font-family);font-weight:var(--awb-typography2-font-weight);font-style:var(--awb-typography2-font-style);margin:0;letter-spacing:var(--awb-typography2-letter-spacing);text-transform:uppercase;font-size:1em;--fontSize:30;--minFontSize:30;line-height:var(--awb-typography2-line-height);\">\u00c9tudes en alternance<\/h2><\/div><div class=\"fusion-text fusion-text-4\" style=\"--awb-font-size:var(--awb-typography4-font-size);--awb-line-height:var(--awb-typography4-line-height);--awb-letter-spacing:var(--awb-typography4-letter-spacing);--awb-text-transform:var(--awb-typography4-text-transform);--awb-text-font-family:var(--awb-typography4-font-family);--awb-text-font-weight:var(--awb-typography4-font-weight);--awb-text-font-style:var(--awb-typography4-font-style);\"><p class=\"\" data-start=\"188\" data-end=\"642\">Vous voulez combiner la th\u00e9orie et la pratique ? Alors tu es \u00e0 la bonne adresse : nous te proposons des \u00e9tudes en alternance dans le domaine du design m\u00e9dia et du marketing, qui te permettront non seulement d&rsquo;approfondir tes connaissances techniques, mais aussi de participer activement \u00e0 des projets passionnants. Chez Lunor, tu fais partie de l&rsquo;\u00e9quipe d\u00e8s le d\u00e9but &#8211; cr\u00e9atif, polyvalent et tourn\u00e9 vers l&rsquo;avenir.  <\/p>\n<\/div><\/div><\/div><\/div><\/div><\/p>\n","protected":false},"excerpt":{"rendered":"","protected":false},"author":1,"featured_media":0,"parent":0,"menu_order":0,"comment_status":"closed","ping_status":"closed","template":"100-width.php","meta":{"_acf_changed":false,"footnotes":""},"class_list":["post-13736","page","type-page","status-publish","hentry"],"acf":[],"yoast_head":"<!-- This site is optimized with the Yoast SEO Premium plugin v27.4 (Yoast SEO v27.4) - https:\/\/yoast.com\/product\/yoast-seo-premium-wordpress\/ -->\n<title>Emplois - Lunor Handcrafted eyewear made in Germany<\/title>\n<meta name=\"robots\" content=\"index, follow, max-snippet:-1, max-image-preview:large, max-video-preview:-1\" \/>\n<link rel=\"canonical\" href=\"https:\/\/lunor.com\/fr\/emplois\/\" \/>\n<meta property=\"og:locale\" content=\"fr_FR\" \/>\n<meta property=\"og:type\" content=\"article\" \/>\n<meta property=\"og:title\" content=\"Emplois\" \/>\n<meta property=\"og:url\" content=\"https:\/\/lunor.com\/fr\/emplois\/\" \/>\n<meta property=\"og:site_name\" content=\"Lunor Handcrafted eyewear made in Germany\" \/>\n<meta property=\"article:publisher\" content=\"https:\/\/www.facebook.com\/LunorAG\" \/>\n<meta property=\"article:modified_time\" content=\"2025-07-28T14:32:37+00:00\" \/>\n<meta name=\"twitter:card\" content=\"summary_large_image\" \/>\n<meta name=\"twitter:label1\" content=\"Dur\u00e9e de lecture estim\u00e9e\" \/>\n\t<meta name=\"twitter:data1\" content=\"112 minutes\" \/>\n<script type=\"application\/ld+json\" class=\"yoast-schema-graph\">{\"@context\":\"https:\\\/\\\/schema.org\",\"@graph\":[{\"@type\":\"WebPage\",\"@id\":\"https:\\\/\\\/lunor.com\\\/fr\\\/emplois\\\/\",\"url\":\"https:\\\/\\\/lunor.com\\\/fr\\\/emplois\\\/\",\"name\":\"Emplois - Lunor Handcrafted eyewear made in Germany\",\"isPartOf\":{\"@id\":\"https:\\\/\\\/lunor.com\\\/fr\\\/#website\"},\"datePublished\":\"2023-08-07T11:23:17+00:00\",\"dateModified\":\"2025-07-28T14:32:37+00:00\",\"inLanguage\":\"fr-FR\",\"potentialAction\":[{\"@type\":\"ReadAction\",\"target\":[\"https:\\\/\\\/lunor.com\\\/fr\\\/emplois\\\/\"]}]},{\"@type\":\"WebSite\",\"@id\":\"https:\\\/\\\/lunor.com\\\/fr\\\/#website\",\"url\":\"https:\\\/\\\/lunor.com\\\/fr\\\/\",\"name\":\"lunor.com - Welcome to the Luniverse\",\"description\":\"\",\"publisher\":{\"@id\":\"https:\\\/\\\/lunor.com\\\/fr\\\/#organization\"},\"alternateName\":\"lunor.com\",\"potentialAction\":[{\"@type\":\"SearchAction\",\"target\":{\"@type\":\"EntryPoint\",\"urlTemplate\":\"https:\\\/\\\/lunor.com\\\/fr\\\/?s={search_term_string}\"},\"query-input\":{\"@type\":\"PropertyValueSpecification\",\"valueRequired\":true,\"valueName\":\"search_term_string\"}}],\"inLanguage\":\"fr-FR\"},{\"@type\":\"Organization\",\"@id\":\"https:\\\/\\\/lunor.com\\\/fr\\\/#organization\",\"name\":\"Lunor AG\",\"alternateName\":\"Lunor\",\"url\":\"https:\\\/\\\/lunor.com\\\/fr\\\/\",\"logo\":{\"@type\":\"ImageObject\",\"inLanguage\":\"fr-FR\",\"@id\":\"https:\\\/\\\/lunor.com\\\/fr\\\/#\\\/schema\\\/logo\\\/image\\\/\",\"url\":\"https:\\\/\\\/lunor.com\\\/wp-content\\\/uploads\\\/2023\\\/05\\\/Lunor-Logo-2x-1.png\",\"contentUrl\":\"https:\\\/\\\/lunor.com\\\/wp-content\\\/uploads\\\/2023\\\/05\\\/Lunor-Logo-2x-1.png\",\"width\":204,\"height\":68,\"caption\":\"Lunor AG\"},\"image\":{\"@id\":\"https:\\\/\\\/lunor.com\\\/fr\\\/#\\\/schema\\\/logo\\\/image\\\/\"},\"sameAs\":[\"https:\\\/\\\/www.facebook.com\\\/LunorAG\",\"https:\\\/\\\/www.instagram.com\\\/lunorag\\\/\"],\"vatID\":\"DE814480280\"}]}<\/script>\n<!-- \/ Yoast SEO Premium plugin. -->","yoast_head_json":{"title":"Emplois - Lunor Handcrafted eyewear made in Germany","robots":{"index":"index","follow":"follow","max-snippet":"max-snippet:-1","max-image-preview":"max-image-preview:large","max-video-preview":"max-video-preview:-1"},"canonical":"https:\/\/lunor.com\/fr\/emplois\/","og_locale":"fr_FR","og_type":"article","og_title":"Emplois","og_url":"https:\/\/lunor.com\/fr\/emplois\/","og_site_name":"Lunor Handcrafted eyewear made in Germany","article_publisher":"https:\/\/www.facebook.com\/LunorAG","article_modified_time":"2025-07-28T14:32:37+00:00","twitter_card":"summary_large_image","twitter_misc":{"Dur\u00e9e de lecture estim\u00e9e":"112 minutes"},"schema":{"@context":"https:\/\/schema.org","@graph":[{"@type":"WebPage","@id":"https:\/\/lunor.com\/fr\/emplois\/","url":"https:\/\/lunor.com\/fr\/emplois\/","name":"Emplois - Lunor Handcrafted eyewear made in Germany","isPartOf":{"@id":"https:\/\/lunor.com\/fr\/#website"},"datePublished":"2023-08-07T11:23:17+00:00","dateModified":"2025-07-28T14:32:37+00:00","inLanguage":"fr-FR","potentialAction":[{"@type":"ReadAction","target":["https:\/\/lunor.com\/fr\/emplois\/"]}]},{"@type":"WebSite","@id":"https:\/\/lunor.com\/fr\/#website","url":"https:\/\/lunor.com\/fr\/","name":"lunor.com - Welcome to the Luniverse","description":"","publisher":{"@id":"https:\/\/lunor.com\/fr\/#organization"},"alternateName":"lunor.com","potentialAction":[{"@type":"SearchAction","target":{"@type":"EntryPoint","urlTemplate":"https:\/\/lunor.com\/fr\/?s={search_term_string}"},"query-input":{"@type":"PropertyValueSpecification","valueRequired":true,"valueName":"search_term_string"}}],"inLanguage":"fr-FR"},{"@type":"Organization","@id":"https:\/\/lunor.com\/fr\/#organization","name":"Lunor AG","alternateName":"Lunor","url":"https:\/\/lunor.com\/fr\/","logo":{"@type":"ImageObject","inLanguage":"fr-FR","@id":"https:\/\/lunor.com\/fr\/#\/schema\/logo\/image\/","url":"https:\/\/lunor.com\/wp-content\/uploads\/2023\/05\/Lunor-Logo-2x-1.png","contentUrl":"https:\/\/lunor.com\/wp-content\/uploads\/2023\/05\/Lunor-Logo-2x-1.png","width":204,"height":68,"caption":"Lunor AG"},"image":{"@id":"https:\/\/lunor.com\/fr\/#\/schema\/logo\/image\/"},"sameAs":["https:\/\/www.facebook.com\/LunorAG","https:\/\/www.instagram.com\/lunorag\/"],"vatID":"DE814480280"}]}},"_links":{"self":[{"href":"https:\/\/lunor.com\/fr\/wp-json\/wp\/v2\/pages\/13736","targetHints":{"allow":["GET"]}}],"collection":[{"href":"https:\/\/lunor.com\/fr\/wp-json\/wp\/v2\/pages"}],"about":[{"href":"https:\/\/lunor.com\/fr\/wp-json\/wp\/v2\/types\/page"}],"author":[{"embeddable":true,"href":"https:\/\/lunor.com\/fr\/wp-json\/wp\/v2\/users\/1"}],"replies":[{"embeddable":true,"href":"https:\/\/lunor.com\/fr\/wp-json\/wp\/v2\/comments?post=13736"}],"version-history":[{"count":5,"href":"https:\/\/lunor.com\/fr\/wp-json\/wp\/v2\/pages\/13736\/revisions"}],"predecessor-version":[{"id":33748,"href":"https:\/\/lunor.com\/fr\/wp-json\/wp\/v2\/pages\/13736\/revisions\/33748"}],"wp:attachment":[{"href":"https:\/\/lunor.com\/fr\/wp-json\/wp\/v2\/media?parent=13736"}],"curies":[{"name":"wp","href":"https:\/\/api.w.org\/{rel}","templated":true}]}}