{"id":15534,"date":"2023-08-07T10:33:18","date_gmt":"2023-08-07T10:33:18","guid":{"rendered":"https:\/\/staging.lunor.com\/mentions-legales\/"},"modified":"2024-10-15T07:23:04","modified_gmt":"2024-10-15T07:23:04","slug":"mentions-legales","status":"publish","type":"page","link":"https:\/\/lunor.com\/fr\/mentions-legales\/","title":{"rendered":"Mentions l\u00e9gales"},"content":{"rendered":"<div class=\"fusion-fullwidth fullwidth-box fusion-builder-row-1 fusion-flex-container has-pattern-background has-mask-background nonhundred-percent-fullwidth non-hundred-percent-height-scrolling\" style=\"--awb-border-radius-top-left:0px;--awb-border-radius-top-right:0px;--awb-border-radius-bottom-right:0px;--awb-border-radius-bottom-left:0px;--awb-margin-bottom:5%;--awb-flex-wrap:wrap;\" ><div class=\"fusion-builder-row fusion-row fusion-flex-align-items-stretch fusion-flex-content-wrap\" style=\"max-width:calc( 1200px + 10px );margin-left: calc(-10px \/ 2 );margin-right: calc(-10px \/ 2 );\"><div class=\"fusion-layout-column fusion_builder_column fusion-builder-column-0 fusion_builder_column_1_1 1_1 fusion-flex-column\" style=\"--awb-bg-size:cover;--awb-width-large:100%;--awb-margin-top-large:5%;--awb-spacing-right-large:5px;--awb-margin-bottom-large:5%;--awb-spacing-left-large:5px;--awb-width-medium:100%;--awb-order-medium:0;--awb-spacing-right-medium:5px;--awb-spacing-left-medium:5px;--awb-width-small:100%;--awb-order-small:0;--awb-spacing-right-small:5px;--awb-spacing-left-small:5px;\" data-scroll-devices=\"small-visibility,medium-visibility,large-visibility\"><div class=\"fusion-column-wrapper fusion-column-has-shadow fusion-flex-justify-content-center fusion-content-layout-column\"><div class=\"fusion-text fusion-text-1\"><h3 class=\"fusion-responsive-typography-calculated\" data-fontsize=\"24\" data-lineheight=\"26.4px\">Mentions l\u00e9gales<\/h3>\n<p>Lunor AG<br \/>Lunor Allee 1<br \/>75378 Bad Liebenzell<\/p>\n<p>T\u00e9l\u00e9phone : +49 (0)7052 40896-0<br \/>T\u00e9l\u00e9copie : +49 (0)7052 40896-10<\/p>\n<p>E-mail : mail@lunor.com<br \/>Internet : www.lunor.com<\/p>\n<p>Conseil d&rsquo;administration : Sophie Fux<br \/>Pr\u00e9sident du conseil d&rsquo;administration : Michael Fux<\/p>\n<p>Conseil de surveillance : Prof Dr J\u00f6rn-Henrik Thun, Ulrich <span class=\"outlook-search-highlight\" data-markjs=\"true\">Fux<\/span><br \/>Pr\u00e9sidente : Alexandra Fux<br \/>Num\u00e9ro d&rsquo;identification fiscale : 45462\/64927<br \/>Tribunal d&rsquo;enregistrement de Stuttgart HRB 331713<br \/>Num\u00e9ro de TVA : DE 814 480 280<\/p>\n<p>Lunor et Lunova sont des marques d\u00e9pos\u00e9es<\/p>\n<p>Vous ne pouvez pas copier, distribuer, reproduire ou utiliser \u00e0 des fins commerciales, sous quelque forme que ce soit, les informations, photos, graphiques ou autres contenus de ce site web. Les textes, photos et graphiques publi\u00e9s sur ce site sont prot\u00e9g\u00e9s par des droits d&rsquo;auteur. Nous d\u00e9clinons toute responsabilit\u00e9 en cas d&rsquo;erreurs dans le texte ou de liens erron\u00e9s. Les fournisseurs respectifs sont responsables du contenu des informations et des offres disponibles.<br \/>La lecture automatique des donn\u00e9es par des logiciels est interdite.<\/p>\n<\/div><\/div><\/div><\/div><\/div>\n","protected":false},"excerpt":{"rendered":"","protected":false},"author":1,"featured_media":0,"parent":0,"menu_order":0,"comment_status":"closed","ping_status":"closed","template":"100-width.php","meta":{"_acf_changed":false,"footnotes":""},"class_list":["post-15534","page","type-page","status-publish","hentry"],"acf":[],"yoast_head":"<!-- This site is optimized with the Yoast SEO Premium plugin v27.3 (Yoast SEO v27.3) - https:\/\/yoast.com\/product\/yoast-seo-premium-wordpress\/ -->\n<title>Mentions l\u00e9gales - Lunor Handcrafted eyewear made in Germany<\/title>\n<meta name=\"robots\" content=\"index, follow, max-snippet:-1, max-image-preview:large, max-video-preview:-1\" \/>\n<link rel=\"canonical\" href=\"https:\/\/lunor.com\/fr\/mentions-legales\/\" \/>\n<meta property=\"og:locale\" content=\"fr_FR\" \/>\n<meta property=\"og:type\" content=\"article\" \/>\n<meta property=\"og:title\" content=\"Mentions l\u00e9gales\" \/>\n<meta property=\"og:url\" content=\"https:\/\/lunor.com\/fr\/mentions-legales\/\" \/>\n<meta property=\"og:site_name\" content=\"Lunor Handcrafted eyewear made in Germany\" \/>\n<meta property=\"article:publisher\" content=\"https:\/\/www.facebook.com\/LunorAG\" \/>\n<meta property=\"article:modified_time\" content=\"2024-10-15T07:23:04+00:00\" \/>\n<meta name=\"twitter:card\" content=\"summary_large_image\" \/>\n<meta name=\"twitter:label1\" content=\"Dur\u00e9e de lecture estim\u00e9e\" \/>\n\t<meta name=\"twitter:data1\" content=\"6 minutes\" \/>\n<script type=\"application\/ld+json\" class=\"yoast-schema-graph\">{\"@context\":\"https:\\\/\\\/schema.org\",\"@graph\":[{\"@type\":\"WebPage\",\"@id\":\"https:\\\/\\\/lunor.com\\\/fr\\\/mentions-legales\\\/\",\"url\":\"https:\\\/\\\/lunor.com\\\/fr\\\/mentions-legales\\\/\",\"name\":\"Mentions l\u00e9gales - Lunor Handcrafted eyewear made in Germany\",\"isPartOf\":{\"@id\":\"https:\\\/\\\/lunor.com\\\/fr\\\/#website\"},\"datePublished\":\"2023-08-07T10:33:18+00:00\",\"dateModified\":\"2024-10-15T07:23:04+00:00\",\"inLanguage\":\"fr-FR\",\"potentialAction\":[{\"@type\":\"ReadAction\",\"target\":[\"https:\\\/\\\/lunor.com\\\/fr\\\/mentions-legales\\\/\"]}]},{\"@type\":\"WebSite\",\"@id\":\"https:\\\/\\\/lunor.com\\\/fr\\\/#website\",\"url\":\"https:\\\/\\\/lunor.com\\\/fr\\\/\",\"name\":\"lunor.com - Welcome to the Luniverse\",\"description\":\"\",\"publisher\":{\"@id\":\"https:\\\/\\\/lunor.com\\\/fr\\\/#organization\"},\"alternateName\":\"lunor.com\",\"potentialAction\":[{\"@type\":\"SearchAction\",\"target\":{\"@type\":\"EntryPoint\",\"urlTemplate\":\"https:\\\/\\\/lunor.com\\\/fr\\\/?s={search_term_string}\"},\"query-input\":{\"@type\":\"PropertyValueSpecification\",\"valueRequired\":true,\"valueName\":\"search_term_string\"}}],\"inLanguage\":\"fr-FR\"},{\"@type\":\"Organization\",\"@id\":\"https:\\\/\\\/lunor.com\\\/fr\\\/#organization\",\"name\":\"Lunor AG\",\"alternateName\":\"Lunor\",\"url\":\"https:\\\/\\\/lunor.com\\\/fr\\\/\",\"logo\":{\"@type\":\"ImageObject\",\"inLanguage\":\"fr-FR\",\"@id\":\"https:\\\/\\\/lunor.com\\\/fr\\\/#\\\/schema\\\/logo\\\/image\\\/\",\"url\":\"https:\\\/\\\/lunor.com\\\/wp-content\\\/uploads\\\/2023\\\/05\\\/Lunor-Logo-2x-1.png\",\"contentUrl\":\"https:\\\/\\\/lunor.com\\\/wp-content\\\/uploads\\\/2023\\\/05\\\/Lunor-Logo-2x-1.png\",\"width\":204,\"height\":68,\"caption\":\"Lunor AG\"},\"image\":{\"@id\":\"https:\\\/\\\/lunor.com\\\/fr\\\/#\\\/schema\\\/logo\\\/image\\\/\"},\"sameAs\":[\"https:\\\/\\\/www.facebook.com\\\/LunorAG\",\"https:\\\/\\\/www.instagram.com\\\/lunorag\\\/\"],\"vatID\":\"DE814480280\"}]}<\/script>\n<!-- \/ Yoast SEO Premium plugin. -->","yoast_head_json":{"title":"Mentions l\u00e9gales - Lunor Handcrafted eyewear made in Germany","robots":{"index":"index","follow":"follow","max-snippet":"max-snippet:-1","max-image-preview":"max-image-preview:large","max-video-preview":"max-video-preview:-1"},"canonical":"https:\/\/lunor.com\/fr\/mentions-legales\/","og_locale":"fr_FR","og_type":"article","og_title":"Mentions l\u00e9gales","og_url":"https:\/\/lunor.com\/fr\/mentions-legales\/","og_site_name":"Lunor Handcrafted eyewear made in Germany","article_publisher":"https:\/\/www.facebook.com\/LunorAG","article_modified_time":"2024-10-15T07:23:04+00:00","twitter_card":"summary_large_image","twitter_misc":{"Dur\u00e9e de lecture estim\u00e9e":"6 minutes"},"schema":{"@context":"https:\/\/schema.org","@graph":[{"@type":"WebPage","@id":"https:\/\/lunor.com\/fr\/mentions-legales\/","url":"https:\/\/lunor.com\/fr\/mentions-legales\/","name":"Mentions l\u00e9gales - Lunor Handcrafted eyewear made in Germany","isPartOf":{"@id":"https:\/\/lunor.com\/fr\/#website"},"datePublished":"2023-08-07T10:33:18+00:00","dateModified":"2024-10-15T07:23:04+00:00","inLanguage":"fr-FR","potentialAction":[{"@type":"ReadAction","target":["https:\/\/lunor.com\/fr\/mentions-legales\/"]}]},{"@type":"WebSite","@id":"https:\/\/lunor.com\/fr\/#website","url":"https:\/\/lunor.com\/fr\/","name":"lunor.com - Welcome to the Luniverse","description":"","publisher":{"@id":"https:\/\/lunor.com\/fr\/#organization"},"alternateName":"lunor.com","potentialAction":[{"@type":"SearchAction","target":{"@type":"EntryPoint","urlTemplate":"https:\/\/lunor.com\/fr\/?s={search_term_string}"},"query-input":{"@type":"PropertyValueSpecification","valueRequired":true,"valueName":"search_term_string"}}],"inLanguage":"fr-FR"},{"@type":"Organization","@id":"https:\/\/lunor.com\/fr\/#organization","name":"Lunor AG","alternateName":"Lunor","url":"https:\/\/lunor.com\/fr\/","logo":{"@type":"ImageObject","inLanguage":"fr-FR","@id":"https:\/\/lunor.com\/fr\/#\/schema\/logo\/image\/","url":"https:\/\/lunor.com\/wp-content\/uploads\/2023\/05\/Lunor-Logo-2x-1.png","contentUrl":"https:\/\/lunor.com\/wp-content\/uploads\/2023\/05\/Lunor-Logo-2x-1.png","width":204,"height":68,"caption":"Lunor AG"},"image":{"@id":"https:\/\/lunor.com\/fr\/#\/schema\/logo\/image\/"},"sameAs":["https:\/\/www.facebook.com\/LunorAG","https:\/\/www.instagram.com\/lunorag\/"],"vatID":"DE814480280"}]}},"_links":{"self":[{"href":"https:\/\/lunor.com\/fr\/wp-json\/wp\/v2\/pages\/15534","targetHints":{"allow":["GET"]}}],"collection":[{"href":"https:\/\/lunor.com\/fr\/wp-json\/wp\/v2\/pages"}],"about":[{"href":"https:\/\/lunor.com\/fr\/wp-json\/wp\/v2\/types\/page"}],"author":[{"embeddable":true,"href":"https:\/\/lunor.com\/fr\/wp-json\/wp\/v2\/users\/1"}],"replies":[{"embeddable":true,"href":"https:\/\/lunor.com\/fr\/wp-json\/wp\/v2\/comments?post=15534"}],"version-history":[{"count":3,"href":"https:\/\/lunor.com\/fr\/wp-json\/wp\/v2\/pages\/15534\/revisions"}],"predecessor-version":[{"id":24983,"href":"https:\/\/lunor.com\/fr\/wp-json\/wp\/v2\/pages\/15534\/revisions\/24983"}],"wp:attachment":[{"href":"https:\/\/lunor.com\/fr\/wp-json\/wp\/v2\/media?parent=15534"}],"curies":[{"name":"wp","href":"https:\/\/api.w.org\/{rel}","templated":true}]}}