{"id":34865,"date":"2023-08-11T10:07:35","date_gmt":"2023-08-11T08:07:35","guid":{"rendered":"https:\/\/lunor.com\/declaration-de-conformite\/"},"modified":"2025-08-04T14:51:19","modified_gmt":"2025-08-04T14:51:19","slug":"declaration-de-conformite","status":"publish","type":"page","link":"https:\/\/lunor.com\/fr\/declaration-de-conformite\/","title":{"rendered":"D\u00e9claration de conformit\u00e9"},"content":{"rendered":"<div class=\"fusion-fullwidth fullwidth-box fusion-builder-row-1 fusion-flex-container has-pattern-background has-mask-background nonhundred-percent-fullwidth non-hundred-percent-height-scrolling\" style=\"--awb-border-radius-top-left:0px;--awb-border-radius-top-right:0px;--awb-border-radius-bottom-right:0px;--awb-border-radius-bottom-left:0px;--awb-background-color:#ffffff;--awb-flex-wrap:wrap;\" ><div class=\"fusion-builder-row fusion-row fusion-flex-align-items-flex-start fusion-flex-content-wrap\" style=\"max-width:calc( 1200px + 10px );margin-left: calc(-10px \/ 2 );margin-right: calc(-10px \/ 2 );\"><div class=\"fusion-layout-column fusion_builder_column fusion-builder-column-0 fusion_builder_column_1_1 1_1 fusion-flex-column\" style=\"--awb-bg-size:cover;--awb-width-large:100%;--awb-margin-top-large:10%;--awb-spacing-right-large:5px;--awb-margin-bottom-large:10%;--awb-spacing-left-large:5px;--awb-width-medium:100%;--awb-order-medium:0;--awb-spacing-right-medium:5px;--awb-spacing-left-medium:5px;--awb-width-small:100%;--awb-order-small:0;--awb-spacing-right-small:5px;--awb-spacing-left-small:5px;\" data-scroll-devices=\"small-visibility,medium-visibility,large-visibility\"><div class=\"fusion-column-wrapper fusion-column-has-shadow fusion-flex-justify-content-flex-start fusion-content-layout-column\"><div class=\"fusion-title title fusion-title-1 fusion-sep-none fusion-title-text fusion-title-size-two\" style=\"--awb-margin-bottom:5%;--awb-font-size:32px;\"><h2 class=\"fusion-title-heading title-heading-left fusion-responsive-typography-calculated\" style=\"font-family:var(--awb-typography1-font-family);font-weight:var(--awb-typography1-font-weight);font-style:var(--awb-typography1-font-style);margin:0;letter-spacing:var(--awb-typography1-letter-spacing);text-transform:var(--awb-typography1-text-transform);font-size:1em;--fontSize:32;line-height:var(--awb-typography1-line-height);\">D\u00e9clarations de conformit\u00e9 de nos produits<\/h2><\/div><div class=\"fusion-text fusion-text-1 fusion-text-no-margin\" style=\"--awb-margin-bottom:5%;\"><p>Conform\u00e9ment \u00e0 la r\u00e9glementation europ\u00e9enne sur les dispositifs m\u00e9dicaux (MDR), nous mettons \u00e0 disposition une d\u00e9claration de conformit\u00e9 pour chaque monture Lunor. Vous trouverez ici tous les documents \u00e0 t\u00e9l\u00e9charger &#8211; toujours dans les langues officielles de l&rsquo;Union europ\u00e9enne. Les d\u00e9clarations sont r\u00e9guli\u00e8rement mises \u00e0 jour.<\/p>\n<\/div><div class=\"table-1\"><table class=\"konformitaet-table\" style=\"width:100%;\"><thead><tr><th align=\"left\">Langue<\/th><th align=\"left\">Document<\/th><\/tr><\/thead><tbody><tr><td>Allemand<\/td><td><a href=\"https:\/\/lunor.com\/wp-content\/uploads\/docs\/konformitaet\/2026-01\/260223%20TDF-01-001%20Lunor%20CE%20Kobri_full_MDR_de.pdf\" target=\"_blank\" rel=\"noopener\">T\u00e9l\u00e9charger le fichier<\/a><\/td><\/tr><tr><td>Anglais<\/td><td><a href=\"https:\/\/lunor.com\/wp-content\/uploads\/docs\/konformitaet\/2026-01\/260223%20TDF-01-001%20Lunor%20CE%20Kobri_full_MDR_en.pdf\" target=\"_blank\" rel=\"noopener\">T\u00e9l\u00e9charger le fichier<\/a><\/td><\/tr><tr><td>Bulgare<\/td><td><a href=\"https:\/\/lunor.com\/wp-content\/uploads\/docs\/konformitaet\/2026-01\/260223%20TDF-01-001%20Lunor%20CE%20Kobri_full_MDR_bg.pdf\" target=\"_blank\" rel=\"noopener\">T\u00e9l\u00e9charger le fichier<\/a><\/td><\/tr><tr><td>Croate<\/td><td><a href=\"https:\/\/lunor.com\/wp-content\/uploads\/docs\/konformitaet\/2026-01\/260223%20TDF-01-001%20Lunor%20CE%20Kobri_full_MDR_hr.pdf\" target=\"_blank\" rel=\"noopener\">T\u00e9l\u00e9charger le fichier<\/a><\/td><\/tr><tr><td>Danois<\/td><td><a href=\"https:\/\/lunor.com\/wp-content\/uploads\/docs\/konformitaet\/2026-01\/260223%20TDF-01-001%20Lunor%20CE%20Kobri_full_MDR_da.pdf\" target=\"_blank\" rel=\"noopener\">T\u00e9l\u00e9charger le fichier<\/a><\/td><\/tr><tr><td>En letton<\/td><td><a href=\"https:\/\/lunor.com\/wp-content\/uploads\/docs\/konformitaet\/2026-01\/260223%20TDF-01-001%20Lunor%20CE%20Kobri_full_MDR_lv.pdf\" target=\"_blank\" rel=\"noopener\">T\u00e9l\u00e9charger le fichier<\/a><\/td><\/tr><tr><td>Espagnol<\/td><td><a href=\"https:\/\/lunor.com\/wp-content\/uploads\/docs\/konformitaet\/2026-01\/260223%20TDF-01-001%20Lunor%20CE%20Kobri_full_MDR_es.pdf\" target=\"_blank\" rel=\"noopener\">T\u00e9l\u00e9charger le fichier<\/a><\/td><\/tr><tr><td>Estonien<\/td><td><a href=\"https:\/\/lunor.com\/wp-content\/uploads\/docs\/konformitaet\/2026-01\/260223%20TDF-01-001%20Lunor%20CE%20Kobri_full_MDR_et.pdf\" target=\"_blank\" rel=\"noopener\">T\u00e9l\u00e9charger le fichier<\/a><\/td><\/tr><tr><td>Finlandais<\/td><td><a href=\"https:\/\/lunor.com\/wp-content\/uploads\/docs\/konformitaet\/2026-01\/260223%20TDF-01-001%20Lunor%20CE%20Kobri_full_MDR_fi.pdf\" target=\"_blank\" rel=\"noopener\">T\u00e9l\u00e9charger le fichier<\/a><\/td><\/tr><tr><td>Fran\u00e7ais<\/td><td><a href=\"https:\/\/lunor.com\/wp-content\/uploads\/docs\/konformitaet\/2026-01\/260223%20TDF-01-001%20Lunor%20CE%20Kobri_full_MDR_fr.pdf\" target=\"_blank\" rel=\"noopener\">T\u00e9l\u00e9charger le fichier<\/a><\/td><\/tr><tr><td>Grec<\/td><td><a href=\"https:\/\/lunor.com\/wp-content\/uploads\/docs\/konformitaet\/2026-01\/260223%20TDF-01-001%20Lunor%20CE%20Kobri_full_MDR_el.pdf\" target=\"_blank\" rel=\"noopener\">T\u00e9l\u00e9charger le fichier<\/a><\/td><\/tr><tr><td>Hongrois<\/td><td><a href=\"https:\/\/lunor.com\/wp-content\/uploads\/docs\/konformitaet\/2026-01\/260223%20TDF-01-001%20Lunor%20CE%20Kobri_full_MDR_hu.pdf\" target=\"_blank\" rel=\"noopener\">T\u00e9l\u00e9charger le fichier<\/a><\/td><\/tr><tr><td>Italien<\/td><td><a href=\"https:\/\/lunor.com\/wp-content\/uploads\/docs\/konformitaet\/2026-01\/260223%20TDF-01-001%20Lunor%20CE%20Kobri_full_MDR_it.pdf\" target=\"_blank\" rel=\"noopener\">T\u00e9l\u00e9charger le fichier<\/a><\/td><\/tr><tr><td>Lituanien<\/td><td><a href=\"https:\/\/lunor.com\/wp-content\/uploads\/docs\/konformitaet\/2026-01\/260223%20TDF-01-001%20Lunor%20CE%20Kobri_full_MDR_lt.pdf\" target=\"_blank\" rel=\"noopener\">T\u00e9l\u00e9charger le fichier<\/a><\/td><\/tr><tr><td>Maltais<\/td><td><a href=\"https:\/\/lunor.com\/wp-content\/uploads\/docs\/konformitaet\/2026-01\/260223%20TDF-01-001%20Lunor%20CE%20Kobri_full_MDR_mt.pdf\" target=\"_blank\" rel=\"noopener\">T\u00e9l\u00e9charger le fichier<\/a><\/td><\/tr><tr><td>N\u00e9erlandais<\/td><td><a href=\"https:\/\/lunor.com\/wp-content\/uploads\/docs\/konformitaet\/2026-01\/260223%20TDF-01-001%20Lunor%20CE%20Kobri_full_MDR_nl.pdf\" target=\"_blank\" rel=\"noopener\">T\u00e9l\u00e9charger le fichier<\/a><\/td><\/tr><tr><td>Polonais<\/td><td><a href=\"https:\/\/lunor.com\/wp-content\/uploads\/docs\/konformitaet\/2026-01\/260223%20TDF-01-001%20Lunor%20CE%20Kobri_full_MDR_pl.pdf\" target=\"_blank\" rel=\"noopener\">T\u00e9l\u00e9charger le fichier<\/a><\/td><\/tr><tr><td>Portugais<\/td><td><a href=\"https:\/\/lunor.com\/wp-content\/uploads\/docs\/konformitaet\/2026-01\/260223%20TDF-01-001%20Lunor%20CE%20Kobri_full_MDR_pt.pdf\" target=\"_blank\" rel=\"noopener\">T\u00e9l\u00e9charger le fichier<\/a><\/td><\/tr><tr><td>Roumain<\/td><td><a href=\"https:\/\/lunor.com\/wp-content\/uploads\/docs\/konformitaet\/2026-01\/260223%20TDF-01-001%20Lunor%20CE%20Kobri_full_MDR_ro.pdf\" target=\"_blank\" rel=\"noopener\">T\u00e9l\u00e9charger le fichier<\/a><\/td><\/tr><tr><td>Slovaque<\/td><td><a href=\"https:\/\/lunor.com\/wp-content\/uploads\/docs\/konformitaet\/2026-01\/260223%20TDF-01-001%20Lunor%20CE%20Kobri_full_MDR_sk.pdf\" target=\"_blank\" rel=\"noopener\">T\u00e9l\u00e9charger le fichier<\/a><\/td><\/tr><tr><td>Slov\u00e8ne<\/td><td><a href=\"https:\/\/lunor.com\/wp-content\/uploads\/docs\/konformitaet\/2026-01\/260223%20TDF-01-001%20Lunor%20CE%20Kobri_full_MDR_sl.pdf\" target=\"_blank\" rel=\"noopener\">T\u00e9l\u00e9charger le fichier<\/a><\/td><\/tr><tr><td>Su\u00e9dois<\/td><td><a href=\"https:\/\/lunor.com\/wp-content\/uploads\/docs\/konformitaet\/2026-01\/260223%20TDF-01-001%20Lunor%20CE%20Kobri_full_MDR_sv.pdf\" target=\"_blank\" rel=\"noopener\">T\u00e9l\u00e9charger le fichier<\/a><\/td><\/tr><tr><td>Tch\u00e8que<\/td><td><a href=\"https:\/\/lunor.com\/wp-content\/uploads\/docs\/konformitaet\/2026-01\/260223%20TDF-01-001%20Lunor%20CE%20Kobri_full_MDR_cz.pdf\" target=\"_blank\" rel=\"noopener\">T\u00e9l\u00e9charger le fichier<\/a><\/td><\/tr><\/tbody><\/table><\/div><\/div><\/div><\/div><\/div>\n","protected":false},"excerpt":{"rendered":"","protected":false},"author":1,"featured_media":0,"parent":0,"menu_order":0,"comment_status":"closed","ping_status":"closed","template":"100-width.php","meta":{"_acf_changed":false,"footnotes":""},"class_list":["post-34865","page","type-page","status-publish","hentry"],"acf":[],"yoast_head":"<!-- This site is optimized with the Yoast SEO Premium plugin v27.3 (Yoast SEO v27.3) - https:\/\/yoast.com\/product\/yoast-seo-premium-wordpress\/ -->\n<title>D\u00e9claration de conformit\u00e9 - Lunor Handcrafted eyewear made in Germany<\/title>\n<meta name=\"robots\" content=\"index, follow, max-snippet:-1, max-image-preview:large, max-video-preview:-1\" \/>\n<link rel=\"canonical\" href=\"https:\/\/lunor.com\/fr\/declaration-de-conformite\/\" \/>\n<meta property=\"og:locale\" content=\"fr_FR\" \/>\n<meta property=\"og:type\" content=\"article\" \/>\n<meta property=\"og:title\" content=\"D\u00e9claration de conformit\u00e9\" \/>\n<meta property=\"og:url\" content=\"https:\/\/lunor.com\/fr\/declaration-de-conformite\/\" \/>\n<meta property=\"og:site_name\" content=\"Lunor Handcrafted eyewear made in Germany\" \/>\n<meta property=\"article:publisher\" content=\"https:\/\/www.facebook.com\/LunorAG\" \/>\n<meta property=\"article:modified_time\" content=\"2025-08-04T14:51:19+00:00\" \/>\n<meta name=\"twitter:card\" content=\"summary_large_image\" \/>\n<meta name=\"twitter:label1\" content=\"Dur\u00e9e de lecture estim\u00e9e\" \/>\n\t<meta name=\"twitter:data1\" content=\"8 minutes\" \/>\n<script type=\"application\/ld+json\" class=\"yoast-schema-graph\">{\"@context\":\"https:\\\/\\\/schema.org\",\"@graph\":[{\"@type\":\"WebPage\",\"@id\":\"https:\\\/\\\/lunor.com\\\/fr\\\/declaration-de-conformite\\\/\",\"url\":\"https:\\\/\\\/lunor.com\\\/fr\\\/declaration-de-conformite\\\/\",\"name\":\"D\u00e9claration de conformit\u00e9 - Lunor Handcrafted eyewear made in Germany\",\"isPartOf\":{\"@id\":\"https:\\\/\\\/lunor.com\\\/fr\\\/#website\"},\"datePublished\":\"2023-08-11T08:07:35+00:00\",\"dateModified\":\"2025-08-04T14:51:19+00:00\",\"inLanguage\":\"fr-FR\",\"potentialAction\":[{\"@type\":\"ReadAction\",\"target\":[\"https:\\\/\\\/lunor.com\\\/fr\\\/declaration-de-conformite\\\/\"]}]},{\"@type\":\"WebSite\",\"@id\":\"https:\\\/\\\/lunor.com\\\/fr\\\/#website\",\"url\":\"https:\\\/\\\/lunor.com\\\/fr\\\/\",\"name\":\"lunor.com - Welcome to the Luniverse\",\"description\":\"\",\"publisher\":{\"@id\":\"https:\\\/\\\/lunor.com\\\/fr\\\/#organization\"},\"alternateName\":\"lunor.com\",\"potentialAction\":[{\"@type\":\"SearchAction\",\"target\":{\"@type\":\"EntryPoint\",\"urlTemplate\":\"https:\\\/\\\/lunor.com\\\/fr\\\/?s={search_term_string}\"},\"query-input\":{\"@type\":\"PropertyValueSpecification\",\"valueRequired\":true,\"valueName\":\"search_term_string\"}}],\"inLanguage\":\"fr-FR\"},{\"@type\":\"Organization\",\"@id\":\"https:\\\/\\\/lunor.com\\\/fr\\\/#organization\",\"name\":\"Lunor AG\",\"alternateName\":\"Lunor\",\"url\":\"https:\\\/\\\/lunor.com\\\/fr\\\/\",\"logo\":{\"@type\":\"ImageObject\",\"inLanguage\":\"fr-FR\",\"@id\":\"https:\\\/\\\/lunor.com\\\/fr\\\/#\\\/schema\\\/logo\\\/image\\\/\",\"url\":\"https:\\\/\\\/lunor.com\\\/wp-content\\\/uploads\\\/2023\\\/05\\\/Lunor-Logo-2x-1.png\",\"contentUrl\":\"https:\\\/\\\/lunor.com\\\/wp-content\\\/uploads\\\/2023\\\/05\\\/Lunor-Logo-2x-1.png\",\"width\":204,\"height\":68,\"caption\":\"Lunor AG\"},\"image\":{\"@id\":\"https:\\\/\\\/lunor.com\\\/fr\\\/#\\\/schema\\\/logo\\\/image\\\/\"},\"sameAs\":[\"https:\\\/\\\/www.facebook.com\\\/LunorAG\",\"https:\\\/\\\/www.instagram.com\\\/lunorag\\\/\"],\"vatID\":\"DE814480280\"}]}<\/script>\n<!-- \/ Yoast SEO Premium plugin. -->","yoast_head_json":{"title":"D\u00e9claration de conformit\u00e9 - Lunor Handcrafted eyewear made in Germany","robots":{"index":"index","follow":"follow","max-snippet":"max-snippet:-1","max-image-preview":"max-image-preview:large","max-video-preview":"max-video-preview:-1"},"canonical":"https:\/\/lunor.com\/fr\/declaration-de-conformite\/","og_locale":"fr_FR","og_type":"article","og_title":"D\u00e9claration de conformit\u00e9","og_url":"https:\/\/lunor.com\/fr\/declaration-de-conformite\/","og_site_name":"Lunor Handcrafted eyewear made in Germany","article_publisher":"https:\/\/www.facebook.com\/LunorAG","article_modified_time":"2025-08-04T14:51:19+00:00","twitter_card":"summary_large_image","twitter_misc":{"Dur\u00e9e de lecture estim\u00e9e":"8 minutes"},"schema":{"@context":"https:\/\/schema.org","@graph":[{"@type":"WebPage","@id":"https:\/\/lunor.com\/fr\/declaration-de-conformite\/","url":"https:\/\/lunor.com\/fr\/declaration-de-conformite\/","name":"D\u00e9claration de conformit\u00e9 - Lunor Handcrafted eyewear made in Germany","isPartOf":{"@id":"https:\/\/lunor.com\/fr\/#website"},"datePublished":"2023-08-11T08:07:35+00:00","dateModified":"2025-08-04T14:51:19+00:00","inLanguage":"fr-FR","potentialAction":[{"@type":"ReadAction","target":["https:\/\/lunor.com\/fr\/declaration-de-conformite\/"]}]},{"@type":"WebSite","@id":"https:\/\/lunor.com\/fr\/#website","url":"https:\/\/lunor.com\/fr\/","name":"lunor.com - Welcome to the Luniverse","description":"","publisher":{"@id":"https:\/\/lunor.com\/fr\/#organization"},"alternateName":"lunor.com","potentialAction":[{"@type":"SearchAction","target":{"@type":"EntryPoint","urlTemplate":"https:\/\/lunor.com\/fr\/?s={search_term_string}"},"query-input":{"@type":"PropertyValueSpecification","valueRequired":true,"valueName":"search_term_string"}}],"inLanguage":"fr-FR"},{"@type":"Organization","@id":"https:\/\/lunor.com\/fr\/#organization","name":"Lunor AG","alternateName":"Lunor","url":"https:\/\/lunor.com\/fr\/","logo":{"@type":"ImageObject","inLanguage":"fr-FR","@id":"https:\/\/lunor.com\/fr\/#\/schema\/logo\/image\/","url":"https:\/\/lunor.com\/wp-content\/uploads\/2023\/05\/Lunor-Logo-2x-1.png","contentUrl":"https:\/\/lunor.com\/wp-content\/uploads\/2023\/05\/Lunor-Logo-2x-1.png","width":204,"height":68,"caption":"Lunor AG"},"image":{"@id":"https:\/\/lunor.com\/fr\/#\/schema\/logo\/image\/"},"sameAs":["https:\/\/www.facebook.com\/LunorAG","https:\/\/www.instagram.com\/lunorag\/"],"vatID":"DE814480280"}]}},"_links":{"self":[{"href":"https:\/\/lunor.com\/fr\/wp-json\/wp\/v2\/pages\/34865","targetHints":{"allow":["GET"]}}],"collection":[{"href":"https:\/\/lunor.com\/fr\/wp-json\/wp\/v2\/pages"}],"about":[{"href":"https:\/\/lunor.com\/fr\/wp-json\/wp\/v2\/types\/page"}],"author":[{"embeddable":true,"href":"https:\/\/lunor.com\/fr\/wp-json\/wp\/v2\/users\/1"}],"replies":[{"embeddable":true,"href":"https:\/\/lunor.com\/fr\/wp-json\/wp\/v2\/comments?post=34865"}],"version-history":[{"count":2,"href":"https:\/\/lunor.com\/fr\/wp-json\/wp\/v2\/pages\/34865\/revisions"}],"predecessor-version":[{"id":34867,"href":"https:\/\/lunor.com\/fr\/wp-json\/wp\/v2\/pages\/34865\/revisions\/34867"}],"wp:attachment":[{"href":"https:\/\/lunor.com\/fr\/wp-json\/wp\/v2\/media?parent=34865"}],"curies":[{"name":"wp","href":"https:\/\/api.w.org\/{rel}","templated":true}]}}